{"id":10,"date":"2017-01-18T12:41:12","date_gmt":"2017-01-18T12:41:12","guid":{"rendered":"https:\/\/kogukond.eu\/?page_id=10"},"modified":"2024-04-09T11:19:50","modified_gmt":"2024-04-09T11:19:50","slug":"contact-us","status":"publish","type":"page","link":"https:\/\/kogukond.eu\/en\/contact-us\/","title":{"rendered":"Contact us"},"content":{"rendered":"<h3><strong>MT\u00dc KOGUKONNA ARENGU \u00dcHING (Community Development Society)<\/strong><strong><br \/>\n<\/strong><\/h3>\n<p><strong>Reg. nr:<\/strong> 80054352<br \/>\n<strong>Adress:<\/strong> Viru 39a 40233 Sillam\u00e4e, Estonia<br \/>\n<strong>Tel:<\/strong> +372 5531734<br \/>\n<strong>E-mail:<\/strong> <a href=\"mailto:info@kogukond.eu\">info@kogukond.eu<\/a><\/p>\n<p><strong>Web: <a href=\"https:\/\/kogukond.eu\/\">https:\/\/kogukond.eu\/<\/a><\/strong><\/p>\n<p><strong>Facebook<\/strong>: <a href=\"https:\/\/www.facebook.com\/Com.Dev.Soc\">https:\/\/www.facebook.com\/Com.Dev.Soc<\/a><\/p>\n<p><strong>A\/a IBAN:<\/strong> EE241010552030912004<br \/>\nSEB BANK<\/p>\n<p><strong>Svetlana Sazhina<br \/>\n<\/strong>Chair of Trustee board\u00a0 \/ Executive director<br \/>\ninfo@kogukond.eu<\/p>\n<p>(responsible for: international cooperation, organization networking, foreign relations, programmes coordination, organization and finance management)<\/p>\n","protected":false},"excerpt":{"rendered":"<p>MT\u00dc KOGUKONNA ARENGU \u00dcHING (Community Development Society) Reg. nr: 80054352 Adress: Viru 39a 40233 Sillam\u00e4e, Estonia Tel: +372 5531734 E-mail: info@kogukond.eu Web: https:\/\/kogukond.eu\/ Facebook: https:\/\/www.facebook.com\/Com.Dev.Soc A\/a IBAN: EE241010552030912004 SEB BANK [&hellip;]<\/p>\n","protected":false},"author":1,"featured_media":39,"parent":0,"menu_order":4,"comment_status":"closed","ping_status":"closed","template":"","meta":{"footnotes":""},"_links":{"self":[{"href":"https:\/\/kogukond.eu\/en\/wp-json\/wp\/v2\/pages\/10"}],"collection":[{"href":"https:\/\/kogukond.eu\/en\/wp-json\/wp\/v2\/pages"}],"about":[{"href":"https:\/\/kogukond.eu\/en\/wp-json\/wp\/v2\/types\/page"}],"author":[{"embeddable":true,"href":"https:\/\/kogukond.eu\/en\/wp-json\/wp\/v2\/users\/1"}],"replies":[{"embeddable":true,"href":"https:\/\/kogukond.eu\/en\/wp-json\/wp\/v2\/comments?post=10"}],"version-history":[{"count":6,"href":"https:\/\/kogukond.eu\/en\/wp-json\/wp\/v2\/pages\/10\/revisions"}],"predecessor-version":[{"id":3500,"href":"https:\/\/kogukond.eu\/en\/wp-json\/wp\/v2\/pages\/10\/revisions\/3500"}],"wp:featuredmedia":[{"embeddable":true,"href":"https:\/\/kogukond.eu\/en\/wp-json\/wp\/v2\/media\/39"}],"wp:attachment":[{"href":"https:\/\/kogukond.eu\/en\/wp-json\/wp\/v2\/media?parent=10"}],"curies":[{"name":"wp","href":"https:\/\/api.w.org\/{rel}","templated":true}]}}